{"id":1084,"date":"2025-06-12T00:45:51","date_gmt":"2025-06-11T22:45:51","guid":{"rendered":"http:\/\/parsataghva.fr\/index.php\/cv\/"},"modified":"2026-01-29T16:12:23","modified_gmt":"2026-01-29T15:12:23","slug":"cv","status":"publish","type":"page","link":"https:\/\/parsataghva.fr\/index.php\/cv\/","title":{"rendered":"CV"},"content":{"rendered":"<div data-colibri-id=\"1084-c1\" class=\"style-662 style-local-1084-c1 position-relative\">\n  <!---->\n  <div data-colibri-component=\"section\" data-colibri-id=\"1084-c2\" id=\"custom\" class=\"h-section h-section-global-spacing d-flex align-items-lg-center align-items-md-center align-items-center style-663 style-local-1084-c2 position-relative\">\n    <!---->\n    <!---->\n    <div class=\"h-section-grid-container h-section-boxed-container\">\n      <!---->\n      <div data-colibri-id=\"1084-c3\" class=\"h-row-container gutters-row-lg-2 gutters-row-md-2 gutters-row-0 gutters-row-v-lg-2 gutters-row-v-md-2 gutters-row-v-2 style-669 style-local-1084-c3 position-relative\">\n        <!---->\n        <div class=\"h-row justify-content-lg-center justify-content-md-center justify-content-center align-items-lg-stretch align-items-md-stretch align-items-stretch gutters-col-lg-2 gutters-col-md-2 gutters-col-0 gutters-col-v-lg-2 gutters-col-v-md-2 gutters-col-v-2\">\n          <!---->\n          <div class=\"h-column h-column-container d-flex h-col-lg-auto h-col-md-auto h-col-auto style-670-outer style-local-1084-c4-outer\">\n            <div data-colibri-id=\"1084-c4\" class=\"d-flex h-flex-basis h-column__inner h-px-lg-2 h-px-md-2 h-px-2 v-inner-lg-2 v-inner-md-2 v-inner-2 style-670 style-local-1084-c4 position-relative\">\n              <!---->\n              <!---->\n              <div class=\"w-100 h-y-container h-column__content h-column__v-align flex-basis-100 align-self-lg-start align-self-md-start align-self-start\">\n                <!---->\n                <div data-colibri-id=\"1084-c5\" class=\"h-text h-text-component style-671 style-local-1084-c5 position-relative h-element\">\n                  <!---->\n                  <!---->\n                  <div class=\"\">\n                    <p>Vous trouverez ici mon parcours professionnel, mes exp\u00e9riences, mes comp\u00e9tences et mes formations. CV \u00e0 jour, t\u00e9l\u00e9chargeable en PDF.<\/p>\n                  <\/div>\n                <\/div>\n              <\/div>\n            <\/div>\n          <\/div>\n        <\/div>\n      <\/div>\n      <div data-colibri-id=\"1084-c6\" class=\"h-row-container gutters-row-lg-2 gutters-row-md-2 gutters-row-0 gutters-row-v-lg-2 gutters-row-v-md-2 gutters-row-v-2 style-664 style-local-1084-c6 position-relative\">\n        <!---->\n        <div class=\"h-row justify-content-lg-center justify-content-md-center justify-content-center align-items-lg-stretch align-items-md-stretch align-items-stretch gutters-col-lg-2 gutters-col-md-2 gutters-col-0 gutters-col-v-lg-2 gutters-col-v-md-2 gutters-col-v-2\">\n          <!---->\n          <div class=\"h-column h-column-container d-flex h-col-lg-auto h-col-md-auto h-col-auto style-665-outer style-local-1084-c7-outer\">\n            <div data-colibri-id=\"1084-c7\" class=\"d-flex h-flex-basis h-column__inner h-px-lg-2 h-px-md-2 h-px-2 v-inner-lg-2 v-inner-md-2 v-inner-2 style-665 style-local-1084-c7 position-relative\">\n              <!---->\n              <!---->\n              <div class=\"w-100 h-y-container h-column__content h-column__v-align flex-basis-100 align-self-lg-start align-self-md-start align-self-start\">\n                <!---->\n                <div data-colibri-id=\"1084-c8\" class=\"d-block style-666 style-local-1084-c8 position-relative h-element\">\n                  <!---->\n                  <div class=\"h-image__frame-container-outer\">\n                    <div class=\"h-image__frame-container\">\n                      <!---->\n                      <!---->\n                      <img loading=\"lazy\" decoding=\"async\" width=\"1413\" height=\"1998\" src=\"http:\/\/parsataghva.fr\/wp-content\/uploads\/2026\/01\/cropped-CV-Parsa-TAGHVA.png\" class=\"wp-image-1340 style-666-image style-local-1084-c8-image\" alt=\"\" srcset=\"https:\/\/parsataghva.fr\/wp-content\/uploads\/2026\/01\/cropped-CV-Parsa-TAGHVA.png 1413w, https:\/\/parsataghva.fr\/wp-content\/uploads\/2026\/01\/cropped-CV-Parsa-TAGHVA-212x300.png 212w, https:\/\/parsataghva.fr\/wp-content\/uploads\/2026\/01\/cropped-CV-Parsa-TAGHVA-724x1024.png 724w, https:\/\/parsataghva.fr\/wp-content\/uploads\/2026\/01\/cropped-CV-Parsa-TAGHVA-768x1086.png 768w, https:\/\/parsataghva.fr\/wp-content\/uploads\/2026\/01\/cropped-CV-Parsa-TAGHVA-1086x1536.png 1086w\" sizes=\"auto, (max-width: 1413px) 100vw, 1413px\" \/>\n                      <div class=\"h-image__frame h-hide-lg h-hide-md h-hide-sm style-666-frameImage style-local-1084-c8-frameImage\"><\/div>\n                    <\/div>\n                  <\/div>\n                <\/div>\n                <div data-colibri-id=\"1084-c9\" class=\"h-x-container style-667 style-local-1084-c9 position-relative h-element\">\n                  <!---->\n                  <div class=\"h-x-container-inner style-dynamic-1084-c9-group style-667-spacing style-local-1084-c9-spacing\"><span class=\"h-link__outer style-668-outer style-local-1084-c10-outer d-inline-flex h-element\"><a h-use-smooth-scroll=\"true\" href=\"https:\/\/drive.google.com\/file\/d\/1BK3NnCUT8k2oFFt5iENQYP5Nrdu-m1We\/view?usp=sharing\"  data-colibri-id=\"1084-c10\" class=\"d-flex w-100 align-items-center h-link style-668 style-local-1084-c10 position-relative\"><!----><!----> <span>T\u00e9l\u00e9charger mon CV<\/span><\/a>\n                    <\/span>\n                  <\/div>\n                <\/div>\n              <\/div>\n            <\/div>\n          <\/div>\n        <\/div>\n      <\/div>\n    <\/div>\n  <\/div>\n<\/div>","protected":false},"excerpt":{"rendered":"<p>Vous trouverez ici mon parcours professionnel, mes exp\u00e9riences, mes comp\u00e9tences et mes formations. [&hellip;]<\/p>\n","protected":false},"author":1,"featured_media":0,"parent":0,"menu_order":0,"comment_status":"closed","ping_status":"closed","template":"page-templates\/full-width-page.php","meta":{"footnotes":""},"class_list":["post-1084","page","type-page","status-publish","hentry"],"_links":{"self":[{"href":"https:\/\/parsataghva.fr\/index.php\/wp-json\/wp\/v2\/pages\/1084","targetHints":{"allow":["GET"]}}],"collection":[{"href":"https:\/\/parsataghva.fr\/index.php\/wp-json\/wp\/v2\/pages"}],"about":[{"href":"https:\/\/parsataghva.fr\/index.php\/wp-json\/wp\/v2\/types\/page"}],"author":[{"embeddable":true,"href":"https:\/\/parsataghva.fr\/index.php\/wp-json\/wp\/v2\/users\/1"}],"replies":[{"embeddable":true,"href":"https:\/\/parsataghva.fr\/index.php\/wp-json\/wp\/v2\/comments?post=1084"}],"version-history":[{"count":7,"href":"https:\/\/parsataghva.fr\/index.php\/wp-json\/wp\/v2\/pages\/1084\/revisions"}],"predecessor-version":[{"id":1343,"href":"https:\/\/parsataghva.fr\/index.php\/wp-json\/wp\/v2\/pages\/1084\/revisions\/1343"}],"wp:attachment":[{"href":"https:\/\/parsataghva.fr\/index.php\/wp-json\/wp\/v2\/media?parent=1084"}],"curies":[{"name":"wp","href":"https:\/\/api.w.org\/{rel}","templated":true}]}}