{"id":77,"date":"2025-03-16T21:51:56","date_gmt":"2025-03-16T20:51:56","guid":{"rendered":"http:\/\/parsataghva.fr\/?page_id=77"},"modified":"2025-09-12T12:32:43","modified_gmt":"2025-09-12T10:32:43","slug":"accueil","status":"publish","type":"page","link":"https:\/\/parsataghva.fr\/index.php\/accueil\/","title":{"rendered":"\u00c0 propos"},"content":{"rendered":"<div data-colibri-id=\"77-c1\" class=\"style-306 style-local-77-c1 position-relative\">\n  <!---->\n  <div data-colibri-component=\"section\" data-colibri-id=\"77-c2\" id=\"custom\" class=\"h-section h-section-global-spacing d-flex align-items-lg-center align-items-md-center align-items-center style-307 style-local-77-c2 position-relative\">\n    <!---->\n    <!---->\n    <div class=\"h-section-grid-container h-section-boxed-container\">\n      <!---->\n      <div data-colibri-id=\"77-c3\" class=\"h-row-container gutters-row-lg-2 gutters-row-md-2 gutters-row-0 gutters-row-v-lg-2 gutters-row-v-md-2 gutters-row-v-2 style-310 style-local-77-c3 position-relative\">\n        <!---->\n        <div class=\"h-row justify-content-lg-center justify-content-md-center justify-content-center align-items-lg-stretch align-items-md-stretch align-items-stretch gutters-col-lg-2 gutters-col-md-2 gutters-col-0 gutters-col-v-lg-2 gutters-col-v-md-2 gutters-col-v-2\">\n          <!---->\n          <div class=\"h-column h-column-container d-flex h-col-lg-auto h-col-md-auto h-col-auto style-311-outer style-local-77-c4-outer\">\n            <div data-colibri-id=\"77-c4\" class=\"d-flex h-flex-basis h-column__inner h-px-lg-2 h-px-md-2 h-px-2 v-inner-lg-2 v-inner-md-2 v-inner-2 style-311 style-local-77-c4 position-relative\">\n              <!---->\n              <!---->\n              <div class=\"w-100 h-y-container h-column__content h-column__v-align flex-basis-100 align-self-lg-start align-self-md-start align-self-start\">\n                <!---->\n                <div data-colibri-id=\"77-c5\" class=\"h-global-transition-all h-heading style-313 style-local-77-c5 position-relative h-element\">\n                  <!---->\n                  <div class=\"h-heading__outer style-313 style-local-77-c5\">\n                    <!---->\n                    <!---->\n                    <h2 class=\"\">Enchant\u00e9, moi c\u2019est Parsa<\/h2>\n                  <\/div>\n                <\/div>\n                <div data-colibri-id=\"77-c6\" class=\"h-text h-text-component style-312 style-local-77-c6 position-relative h-element\">\n                  <!---->\n                  <!---->\n                  <div class=\"\">\n                    <p>Depuis que j\u2019ai d\u00e9couvert le marketing digital, j\u2019ai compris que ce n\u2019\u00e9tait pas qu\u2019une question de chiffres. Ce qui me passionne, c\u2019est comprendre ce qui attire vraiment l\u2019attention, ce qui fait sourire, cliquer ou simplement s\u2019arr\u00eater\n                      un instant.<\/p>\n                    <p>J\u2019aime voir comment une id\u00e9e simple peut marquer les esprits et comment chaque campagne peut cr\u00e9er une vraie connexion avec les gens.\n                      <br>\n                      <br>Pour moi, le marketing digital, c\u2019est un savant m\u00e9lange de cr\u00e9ativit\u00e9, de strat\u00e9gie et d\u2019\u00e9motion.<\/p>\n                    <p>\n                      <br>\n                    <\/p>\n                  <\/div>\n                <\/div>\n              <\/div>\n            <\/div>\n          <\/div>\n          <div class=\"h-column h-column-container d-flex h-col-lg-auto h-col-md-auto h-col-auto style-314-outer style-local-77-c7-outer\">\n            <div data-colibri-id=\"77-c7\" class=\"d-flex h-flex-basis h-column__inner h-px-lg-2 h-px-md-2 h-px-2 v-inner-lg-2 v-inner-md-2 v-inner-2 style-314 style-local-77-c7 position-relative\">\n              <!---->\n              <!---->\n              <div class=\"w-100 h-y-container h-column__content h-column__v-align flex-basis-100 align-self-lg-start align-self-md-start align-self-start\">\n                <!---->\n                <div data-colibri-id=\"77-c8\" class=\"d-block style-315 style-local-77-c8 position-relative h-element\">\n                  <!---->\n                  <div class=\"h-image__frame-container-outer\">\n                    <a href=\"https:\/\/www.linkedin.com\/in\/parsa-taghva\/\" h-use-smooth-scroll=\"true\" class=\"image-link\">\n                      <div class=\"h-image__frame-container\">\n                        <!---->\n                        <!---->\n                        <img loading=\"lazy\" decoding=\"async\" width=\"766\" height=\"767\" src=\"http:\/\/parsataghva.fr\/wp-content\/uploads\/2025\/03\/cropped-cropped-cc47e3ba-4859-420e-845a-cd328f1bce67.jpg\" class=\"wp-image-239 style-315-image style-local-77-c8-image\" alt=\"\" srcset=\"https:\/\/parsataghva.fr\/wp-content\/uploads\/2025\/03\/cropped-cropped-cc47e3ba-4859-420e-845a-cd328f1bce67.jpg 766w, https:\/\/parsataghva.fr\/wp-content\/uploads\/2025\/03\/cropped-cropped-cc47e3ba-4859-420e-845a-cd328f1bce67-300x300.jpg 300w, https:\/\/parsataghva.fr\/wp-content\/uploads\/2025\/03\/cropped-cropped-cc47e3ba-4859-420e-845a-cd328f1bce67-150x150.jpg 150w\" sizes=\"auto, (max-width: 766px) 100vw, 766px\" \/>\n                        <div class=\"h-image__frame h-hide-lg h-hide-md h-hide-sm style-315-frameImage style-local-77-c8-frameImage\"><\/div>\n                      <\/div>\n                    <\/a>\n                  <\/div>\n                <\/div>\n              <\/div>\n            <\/div>\n          <\/div>\n        <\/div>\n      <\/div>\n    <\/div>\n  <\/div>\n  <div data-colibri-component=\"section\" data-colibri-id=\"77-c9\" id=\"custom-2\" class=\"h-section h-section-global-spacing d-flex align-items-lg-center align-items-md-center align-items-center style-316 style-local-77-c9 position-relative\">\n    <!---->\n    <!---->\n    <div class=\"h-section-grid-container h-section-boxed-container\">\n      <!---->\n      <div data-colibri-id=\"77-c10\" class=\"h-row-container gutters-row-lg-2 gutters-row-md-2 gutters-row-0 gutters-row-v-lg-2 gutters-row-v-md-2 gutters-row-v-2 style-319 style-local-77-c10 position-relative\">\n        <!---->\n        <div class=\"h-row justify-content-lg-center justify-content-md-center justify-content-center align-items-lg-stretch align-items-md-stretch align-items-stretch gutters-col-lg-2 gutters-col-md-2 gutters-col-0 gutters-col-v-lg-2 gutters-col-v-md-2 gutters-col-v-2\">\n          <!---->\n          <div class=\"h-column h-column-container d-flex h-col-lg-auto h-col-md-auto h-col-auto style-320-outer style-local-77-c11-outer\">\n            <div data-colibri-id=\"77-c11\" class=\"d-flex h-flex-basis h-column__inner h-px-lg-2 h-px-md-2 h-px-2 v-inner-lg-2 v-inner-md-2 v-inner-2 style-320 style-local-77-c11 position-relative\">\n              <!---->\n              <!---->\n              <div class=\"w-100 h-y-container h-column__content h-column__v-align flex-basis-100 align-self-lg-start align-self-md-start align-self-start\">\n                <!---->\n                <div data-colibri-id=\"77-c12\" class=\"h-global-transition-all h-heading style-321 style-local-77-c12 position-relative h-element\">\n                  <!---->\n                  <div class=\"h-heading__outer style-321 style-local-77-c12\">\n                    <!---->\n                    <!---->\n                    <h2 class=\"\">\u2728 Un parcours un peu atypique<\/h2>\n                  <\/div>\n                <\/div>\n              <\/div>\n            <\/div>\n          <\/div>\n        <\/div>\n      <\/div>\n      <div data-colibri-id=\"77-c13\" class=\"h-row-container gutters-row-lg-2 gutters-row-md-2 gutters-row-0 gutters-row-v-lg-2 gutters-row-v-md-2 gutters-row-v-2 style-317 style-local-77-c13 position-relative\">\n        <!---->\n        <div class=\"h-row justify-content-lg-center justify-content-md-center justify-content-center align-items-lg-stretch align-items-md-stretch align-items-stretch gutters-col-lg-2 gutters-col-md-2 gutters-col-0 gutters-col-v-lg-2 gutters-col-v-md-2 gutters-col-v-2\">\n          <!---->\n          <div class=\"h-column h-column-container d-flex h-col-lg-auto h-col-md-auto h-col-auto style-318-outer style-local-77-c14-outer\">\n            <div data-colibri-id=\"77-c14\" class=\"d-flex h-flex-basis h-column__inner h-px-lg-2 h-px-md-2 h-px-2 v-inner-lg-2 v-inner-md-2 v-inner-2 style-318 style-local-77-c14 position-relative\">\n              <!---->\n              <!---->\n              <div class=\"w-100 h-y-container h-column__content h-column__v-align flex-basis-100 align-self-lg-start align-self-md-start align-self-start\">\n                <!---->\n                <div data-colibri-id=\"77-c15\" class=\"h-text h-text-component style-322 style-local-77-c15 position-relative h-element\">\n                  <!---->\n                  <!---->\n                  <div class=\"\">\n                    <p>Avant de plonger dans le marketing, j\u2019ai d\u2019abord \u00e9tudi\u00e9 l\u2019architecture. J\u2019ai obtenu ma premi\u00e8re licence \u00e0 T\u00e9h\u00e9ran, dans l\u2019une des trois meilleures universit\u00e9s du pays, la ville o\u00f9 je suis n\u00e9. C\u2019est ce qui m\u2019a donn\u00e9 le go\u00fbt du d\u00e9tail,\n                      du visuel et des projets bien construits. Tr\u00e8s vite, j\u2019ai eu envie d\u2019appliquer cette approche cr\u00e9ative au monde du digital.<\/p>\n                    <p>Depuis 2019, je me suis form\u00e9 et j\u2019ai multipli\u00e9 les exp\u00e9riences : agences, projets personnels et surtout h\u00f4tellerie et tourisme, un secteur o\u00f9 j\u2019ai pu mettre en pratique et affiner mes comp\u00e9tences ces deux derni\u00e8res ann\u00e9es.<\/p>\n                    <p>\n                      <br>\n                    <\/p>\n                  <\/div>\n                <\/div>\n              <\/div>\n            <\/div>\n          <\/div>\n        <\/div>\n      <\/div>\n    <\/div>\n  <\/div>\n  <div data-colibri-component=\"section\" data-colibri-id=\"77-c16\" id=\"custom-3\" class=\"h-section h-section-global-spacing d-flex align-items-lg-center align-items-md-center align-items-center style-323 style-local-77-c16 position-relative\">\n    <!---->\n    <!---->\n    <div class=\"h-section-grid-container h-section-boxed-container\">\n      <!---->\n      <div data-colibri-id=\"77-c17\" class=\"h-row-container gutters-row-lg-2 gutters-row-md-2 gutters-row-0 gutters-row-v-lg-2 gutters-row-v-md-2 gutters-row-v-2 style-326 style-local-77-c17 position-relative\">\n        <!---->\n        <div class=\"h-row justify-content-lg-center justify-content-md-center justify-content-center align-items-lg-stretch align-items-md-stretch align-items-stretch gutters-col-lg-2 gutters-col-md-2 gutters-col-0 gutters-col-v-lg-2 gutters-col-v-md-2 gutters-col-v-2\">\n          <!---->\n          <div class=\"h-column h-column-container d-flex h-col-lg-auto h-col-md-auto h-col-auto style-327-outer style-local-77-c18-outer\">\n            <div data-colibri-id=\"77-c18\" class=\"d-flex h-flex-basis h-column__inner h-px-lg-2 h-px-md-2 h-px-2 v-inner-lg-2 v-inner-md-2 v-inner-2 style-327 style-local-77-c18 position-relative\">\n              <!---->\n              <!---->\n              <div class=\"w-100 h-y-container h-column__content h-column__v-align flex-basis-100 align-self-lg-start align-self-md-start align-self-start\">\n                <!---->\n                <div data-colibri-id=\"77-c19\" class=\"h-global-transition-all h-heading style-328 style-local-77-c19 position-relative h-element\">\n                  <!---->\n                  <div class=\"h-heading__outer style-328 style-local-77-c19\">\n                    <!---->\n                    <!---->\n                    <h2 class=\"\">\u2728 Ce que je fais au quotidien<\/h2>\n                  <\/div>\n                <\/div>\n              <\/div>\n            <\/div>\n          <\/div>\n        <\/div>\n      <\/div>\n    <\/div>\n  <\/div>\n  <div data-colibri-component=\"section\" data-colibri-id=\"77-c20\" id=\"overlappable\" class=\"h-section h-section-global-spacing d-flex align-items-lg-center align-items-md-center align-items-center style-330 style-local-77-c20 position-relative\">\n    <!---->\n    <!---->\n    <div class=\"h-section-grid-container h-section-boxed-container\">\n      <!---->\n      <div data-colibri-id=\"77-c21\" class=\"h-row-container gutters-row-lg-0 gutters-row-md-0 gutters-row-2 gutters-row-v-lg-0 gutters-row-v-md-0 gutters-row-v-2 style-331 style-local-77-c21 position-relative\">\n        <!---->\n        <div class=\"h-row justify-content-lg-center justify-content-md-center justify-content-center align-items-lg-stretch align-items-md-stretch align-items-stretch gutters-col-lg-0 gutters-col-md-0 gutters-col-2 gutters-col-v-lg-0 gutters-col-v-md-0 gutters-col-v-2\">\n          <!---->\n          <div class=\"h-column h-column-container d-flex h-col-lg-3 h-col-md-3 h-col-12 style-332-outer style-local-77-c22-outer\">\n            <div data-colibri-id=\"77-c22\" class=\"d-flex h-flex-basis h-column__inner h-px-lg-3 h-px-md-3 h-px-2 v-inner-lg-3 v-inner-md-3 v-inner-2 style-332 style-local-77-c22 position-relative\">\n              <!---->\n              <!---->\n              <div class=\"w-100 h-y-container h-column__content h-column__v-align flex-basis-100 align-self-lg-center align-self-md-center align-self-center\">\n                <!---->\n                <div data-colibri-id=\"77-c23\" class=\"h-icon style-333 style-local-77-c23 position-relative h-element\">\n                  <!----><span class=\"h-svg-icon h-icon__icon style-333-icon style-local-77-c23-icon\"><!--Icon by Font Awesome (https:\/\/fontawesome.com)-->\n    <svg version=\"1.1\" xmlns=\"http:\/\/www.w3.org\/2000\/svg\" xmlns:xlink=\"http:\/\/www.w3.org\/1999\/xlink\" id=\"group\" viewBox=\"0 0 1920 1896.0833\">\n      <path d=\"M593 896q-162 5-265 128H194q-82 0-138-40.5T0 865q0-353 124-353 6 0 43.5 21t97.5 42.5T384 597q67 0 133-23-5 37-5 66 0 139 81 256zm1071 637q0 120-73 189.5t-194 69.5H523q-121 0-194-69.5T256 1533q0-53 3.5-103.5t14-109T300 1212t43-97.5 62-81 85.5-53.5T602 960q10 0 43 21.5t73 48 107 48 135 21.5 135-21.5 107-48 73-48 43-21.5q61 0 111.5 20t85.5 53.5 62 81 43 97.5 26.5 108.5 14 109 3.5 103.5zM640 256q0 106-75 181t-181 75-181-75-75-181 75-181T384 0t181 75 75 181zm704 384q0 159-112.5 271.5T960 1024 688.5 911.5 576 640t112.5-271.5T960 256t271.5 112.5T1344 640zm576 225q0 78-56 118.5t-138 40.5h-134q-103-123-265-128 81-117 81-256 0-29-5-66 66 23 133 23 59 0 119-21.5t97.5-42.5 43.5-21q124 0 124 353zm-128-609q0 106-75 181t-181 75-181-75-75-181 75-181 181-75 181 75 75 181z\"><\/path>\n    <\/svg><\/span><\/div>\n                <div data-colibri-id=\"77-c24\" class=\"h-global-transition-all h-heading style-334 style-local-77-c24 position-relative h-element\">\n                  <!---->\n                  <div class=\"h-heading__outer style-334 style-local-77-c24\">\n                    <!---->\n                    <!---->\n                    <h5 class=\"\">Campagnes publicitaires<\/h5>\n                  <\/div>\n                <\/div>\n                <div data-colibri-id=\"77-c25\" class=\"h-text h-text-component style-335 style-local-77-c25 position-relative h-element\">\n                  <!---->\n                  <!---->\n                  <div class=\"\">\n                    <p>Sur Meta, Google, LinkedIn<\/p>\n                  <\/div>\n                <\/div>\n              <\/div>\n            <\/div>\n          <\/div>\n          <div class=\"h-column h-column-container d-flex h-col-lg-3 h-col-md-3 h-col-12 style-332-outer style-local-77-c26-outer\">\n            <div data-colibri-id=\"77-c26\" class=\"d-flex h-flex-basis h-column__inner h-px-lg-3 h-px-md-3 h-px-2 v-inner-lg-3 v-inner-md-3 v-inner-2 style-332 style-local-77-c26 position-relative\">\n              <!---->\n              <!---->\n              <div class=\"w-100 h-y-container h-column__content h-column__v-align flex-basis-100 align-self-lg-center align-self-md-center align-self-center\">\n                <!---->\n                <div data-colibri-id=\"77-c27\" class=\"h-icon style-333 style-local-77-c27 position-relative h-element\">\n                  <!----><span class=\"h-svg-icon h-icon__icon style-333-icon style-local-77-c27-icon\"><!--Icon by Font Awesome (https:\/\/fontawesome.com)-->\n    <svg version=\"1.1\" xmlns=\"http:\/\/www.w3.org\/2000\/svg\" xmlns:xlink=\"http:\/\/www.w3.org\/1999\/xlink\" id=\"tiktok-square\" viewBox=\"0 0 448 512\">\n      <path d=\"M448,209.91a210.06,210.06,0,0,1-122.77-39.25V349.38A162.55,162.55,0,1,1,185,188.31V278.2a74.62,74.62,0,1,0,52.23,71.18V0l88,0a121.18,121.18,0,0,0,1.86,22.17h0A122.18,122.18,0,0,0,381,102.39a121.43,121.43,0,0,0,67,20.14Z\"><\/path>\n    <\/svg><\/span><\/div>\n                <div data-colibri-id=\"77-c28\" class=\"h-global-transition-all h-heading style-334 style-local-77-c28 position-relative h-element\">\n                  <!---->\n                  <div class=\"h-heading__outer style-334 style-local-77-c28\">\n                    <!---->\n                    <!---->\n                    <h5 class=\"\">R\u00e9seaux sociaux<\/h5>\n                  <\/div>\n                <\/div>\n                <div data-colibri-id=\"77-c29\" class=\"h-text h-text-component style-335 style-local-77-c29 position-relative h-element\">\n                  <!---->\n                  <!---->\n                  <div class=\"\">\n                    <p>Cr\u00e9ation de contenus et gestion de plusieurs plateformes<\/p>\n                  <\/div>\n                <\/div>\n              <\/div>\n            <\/div>\n          <\/div>\n          <div class=\"h-column h-column-container d-flex h-col-lg-3 h-col-md-3 h-col-12 style-332-outer style-local-77-c30-outer\">\n            <div data-colibri-id=\"77-c30\" class=\"d-flex h-flex-basis h-column__inner h-px-lg-3 h-px-md-3 h-px-2 v-inner-lg-3 v-inner-md-3 v-inner-2 style-332 style-local-77-c30 position-relative\">\n              <!---->\n              <!---->\n              <div class=\"w-100 h-y-container h-column__content h-column__v-align flex-basis-100 align-self-lg-center align-self-md-center align-self-center\">\n                <!---->\n                <div data-colibri-id=\"77-c31\" class=\"h-icon style-333 style-local-77-c31 position-relative h-element\">\n                  <!----><span class=\"h-svg-icon h-icon__icon style-333-icon style-local-77-c31-icon\"><!--Icon by Font Awesome (https:\/\/fontawesome.com)-->\n    <svg version=\"1.1\" xmlns=\"http:\/\/www.w3.org\/2000\/svg\" xmlns:xlink=\"http:\/\/www.w3.org\/1999\/xlink\" id=\"envelope-o\" viewBox=\"0 0 1792 1896.0833\">\n      <path d=\"M1664 1504V736q-32 36-69 66-268 206-426 338-51 43-83 67t-86.5 48.5T897 1280h-2q-48 0-102.5-24.5T706 1207t-83-67q-158-132-426-338-37-30-69-66v768q0 13 9.5 22.5t22.5 9.5h1472q13 0 22.5-9.5t9.5-22.5zm0-1051v-24.5l-.5-13-3-12.5-5.5-9-9-7.5-14-2.5H160q-13 0-22.5 9.5T128 416q0 168 147 284 193 152 401 317 6 5 35 29.5t46 37.5 44.5 31.5T852 1143t43 9h2q20 0 43-9t50.5-27.5 44.5-31.5 46-37.5 35-29.5q208-165 401-317 54-43 100.5-115.5T1664 453zm128-37v1088q0 66-47 113t-113 47H160q-66 0-113-47T0 1504V416q0-66 47-113t113-47h1472q66 0 113 47t47 113z\"><\/path>\n    <\/svg><\/span><\/div>\n                <div data-colibri-id=\"77-c32\" class=\"h-global-transition-all h-heading style-334 style-local-77-c32 position-relative h-element\">\n                  <!---->\n                  <div class=\"h-heading__outer style-334 style-local-77-c32\">\n                    <!---->\n                    <!---->\n                    <h5 class=\"\">Emailing <\/h5>\n                  <\/div>\n                <\/div>\n                <div data-colibri-id=\"77-c33\" class=\"h-text h-text-component style-335 style-local-77-c33 position-relative h-element\">\n                  <!---->\n                  <!---->\n                  <div class=\"\">\n                    <p>Cr\u00e9ation et envoi de campagnes adapt\u00e9es \u00e0 nos clients<\/p>\n                  <\/div>\n                <\/div>\n              <\/div>\n            <\/div>\n          <\/div>\n          <div class=\"h-column h-column-container d-flex h-col-lg-3 h-col-md-3 h-col-12 style-336-outer style-local-77-c34-outer\">\n            <div data-colibri-id=\"77-c34\" class=\"d-flex h-flex-basis h-column__inner h-px-lg-3 h-px-md-3 h-px-2 v-inner-lg-3 v-inner-md-3 v-inner-2 style-336 style-local-77-c34 position-relative\">\n              <!---->\n              <!---->\n              <div class=\"w-100 h-y-container h-column__content h-column__v-align flex-basis-100 align-self-lg-center align-self-md-center align-self-center\">\n                <!---->\n                <div data-colibri-id=\"77-c35\" class=\"h-icon style-333 style-local-77-c35 position-relative h-element\">\n                  <!----><span class=\"h-svg-icon h-icon__icon style-333-icon style-local-77-c35-icon\"><!--Icon by Font Awesome (https:\/\/fontawesome.com)-->\n    <svg version=\"1.1\" xmlns=\"http:\/\/www.w3.org\/2000\/svg\" xmlns:xlink=\"http:\/\/www.w3.org\/1999\/xlink\" id=\"tachometer\" viewBox=\"0 0 1792 1896.0833\">\n      <path d=\"M384 1152q0-53-37.5-90.5T256 1024t-90.5 37.5T128 1152t37.5 90.5T256 1280t90.5-37.5T384 1152zm192-448q0-53-37.5-90.5T448 576t-90.5 37.5T320 704t37.5 90.5T448 832t90.5-37.5T576 704zm428 481l101-382q6-26-7.5-48.5T1059 725t-48 6.5-30 39.5l-101 382q-60 5-107 43.5t-63 98.5q-20 77 20 146t117 89 146-20 89-117q16-60-6-117t-72-91zm660-33q0-53-37.5-90.5T1536 1024t-90.5 37.5-37.5 90.5 37.5 90.5 90.5 37.5 90.5-37.5 37.5-90.5zm-640-640q0-53-37.5-90.5T896 384t-90.5 37.5T768 512t37.5 90.5T896 640t90.5-37.5T1024 512zm448 192q0-53-37.5-90.5T1344 576t-90.5 37.5T1216 704t37.5 90.5T1344 832t90.5-37.5T1472 704zm320 448q0 261-141 483-19 29-54 29H195q-35 0-54-29Q0 1414 0 1152q0-182 71-348t191-286 286-191 348-71 348 71 286 191 191 286 71 348z\"><\/path>\n    <\/svg><\/span><\/div>\n                <div data-colibri-id=\"77-c36\" class=\"h-global-transition-all h-heading style-334 style-local-77-c36 position-relative h-element\">\n                  <!---->\n                  <div class=\"h-heading__outer style-334 style-local-77-c36\">\n                    <!---->\n                    <!---->\n                    <h5 class=\"\">IA et outils digitaux<\/h5>\n                  <\/div>\n                <\/div>\n                <div data-colibri-id=\"77-c37\" class=\"h-text h-text-component style-335 style-local-77-c37 position-relative h-element\">\n                  <!---->\n                  <!---->\n                  <div class=\"\">\n                    <p>Je m\u2019en sers au quotidien pour booster ma cr\u00e9ativit\u00e9 et optimiser mon temps<\/p>\n                  <\/div>\n                <\/div>\n              <\/div>\n            <\/div>\n          <\/div>\n        <\/div>\n      <\/div>\n    <\/div>\n  <\/div>\n  <div data-colibri-component=\"section\" data-colibri-id=\"77-c38\" id=\"custom-4\" class=\"h-section h-section-global-spacing d-flex align-items-lg-center align-items-md-center align-items-center style-344 style-local-77-c38 position-relative\">\n    <!---->\n    <!---->\n    <div class=\"h-section-grid-container h-section-boxed-container\">\n      <!---->\n      <div data-colibri-id=\"77-c39\" class=\"h-row-container gutters-row-lg-2 gutters-row-md-2 gutters-row-0 gutters-row-v-lg-2 gutters-row-v-md-2 gutters-row-v-2 style-348 style-local-77-c39 position-relative\">\n        <!---->\n        <div class=\"h-row justify-content-lg-center justify-content-md-center justify-content-center align-items-lg-stretch align-items-md-stretch align-items-stretch gutters-col-lg-2 gutters-col-md-2 gutters-col-0 gutters-col-v-lg-2 gutters-col-v-md-2 gutters-col-v-2\">\n          <!---->\n          <div class=\"h-column h-column-container d-flex h-col-lg-auto h-col-md-auto h-col-auto style-349-outer style-local-77-c40-outer\">\n            <div data-colibri-id=\"77-c40\" class=\"d-flex h-flex-basis h-column__inner h-px-lg-2 h-px-md-2 h-px-2 v-inner-lg-2 v-inner-md-2 v-inner-2 style-349 style-local-77-c40 position-relative\">\n              <!---->\n              <!---->\n              <div class=\"w-100 h-y-container h-column__content h-column__v-align flex-basis-100 align-self-lg-start align-self-md-start align-self-start\">\n                <!---->\n                <div data-colibri-id=\"77-c41\" class=\"h-global-transition-all h-heading style-350 style-local-77-c41 position-relative h-element\">\n                  <!---->\n                  <div class=\"h-heading__outer style-350 style-local-77-c41\">\n                    <!---->\n                    <!---->\n                    <h2 class=\"\">\u2728 Et aujourd\u2019hui ?<\/h2>\n                  <\/div>\n                <\/div>\n                <div data-colibri-id=\"77-c42\" class=\"h-text h-text-component style-351 style-local-77-c42 position-relative h-element\">\n                  <!---->\n                  <!---->\n                  <div class=\"\">\n                    <p>Apr\u00e8s plusieurs ann\u00e9es \u00e0 apprendre et \u00e0 pratiquer, je continue \u00e0 explorer, tester et affiner ma mani\u00e8re de faire du marketing.<\/p>\n                    <p>Je reste curieux, ouvert aux rencontres et toujours partant pour de nouvelles opportunit\u00e9s, surtout si elles me permettent d\u2019aller encore plus loin dans ce m\u00e9tier qui me passionne.<\/p>\n                  <\/div>\n                <\/div>\n              <\/div>\n            <\/div>\n          <\/div>\n        <\/div>\n      <\/div>\n    <\/div>\n  <\/div>\n<\/div>","protected":false},"excerpt":{"rendered":"<p>Enchant\u00e9, moi c\u2019est Parsa Depuis que j\u2019ai d\u00e9couvert le marketing digital, j\u2019ai compris [&hellip;]<\/p>\n","protected":false},"author":1,"featured_media":0,"parent":0,"menu_order":0,"comment_status":"closed","ping_status":"closed","template":"page-templates\/full-width-page.php","meta":{"footnotes":""},"class_list":["post-77","page","type-page","status-publish","hentry"],"_links":{"self":[{"href":"https:\/\/parsataghva.fr\/index.php\/wp-json\/wp\/v2\/pages\/77","targetHints":{"allow":["GET"]}}],"collection":[{"href":"https:\/\/parsataghva.fr\/index.php\/wp-json\/wp\/v2\/pages"}],"about":[{"href":"https:\/\/parsataghva.fr\/index.php\/wp-json\/wp\/v2\/types\/page"}],"author":[{"embeddable":true,"href":"https:\/\/parsataghva.fr\/index.php\/wp-json\/wp\/v2\/users\/1"}],"replies":[{"embeddable":true,"href":"https:\/\/parsataghva.fr\/index.php\/wp-json\/wp\/v2\/comments?post=77"}],"version-history":[{"count":9,"href":"https:\/\/parsataghva.fr\/index.php\/wp-json\/wp\/v2\/pages\/77\/revisions"}],"predecessor-version":[{"id":1184,"href":"https:\/\/parsataghva.fr\/index.php\/wp-json\/wp\/v2\/pages\/77\/revisions\/1184"}],"wp:attachment":[{"href":"https:\/\/parsataghva.fr\/index.php\/wp-json\/wp\/v2\/media?parent=77"}],"curies":[{"name":"wp","href":"https:\/\/api.w.org\/{rel}","templated":true}]}}